{"id":1757,"date":"2022-10-11T11:03:48","date_gmt":"2022-10-11T11:03:48","guid":{"rendered":"https:\/\/www.4bs.pt\/?page_id=1757"},"modified":"2022-10-18T18:14:04","modified_gmt":"2022-10-18T18:14:04","slug":"parcerias","status":"publish","type":"page","link":"https:\/\/www.4bs.pt\/en\/parcerias\/","title":{"rendered":"Parcerias"},"content":{"rendered":"<div data-elementor-type=\"wp-page\" data-elementor-id=\"1757\" class=\"elementor elementor-1757\" data-elementor-post-type=\"page\">\n\t\t\t\t\t\t<section class=\"elementor-section elementor-top-section elementor-element elementor-element-c206b71 elementor-section-height-min-height elementor-section-boxed elementor-section-height-default elementor-section-items-middle\" data-id=\"c206b71\" data-element_type=\"section\" data-e-type=\"section\" data-settings=\"{&quot;background_background&quot;:&quot;classic&quot;}\">\n\t\t\t\t\t\t\t<div class=\"elementor-background-overlay\"><\/div>\n\t\t\t\t\t\t\t<div class=\"elementor-container elementor-column-gap-default\">\n\t\t\t\t\t<div class=\"elementor-column elementor-col-100 elementor-top-column elementor-element elementor-element-645d644\" data-id=\"645d644\" data-element_type=\"column\" data-e-type=\"column\">\n\t\t\t<div class=\"elementor-widget-wrap elementor-element-populated\">\n\t\t\t\t\t\t<div class=\"elementor-element elementor-element-494dc9d elementor-widget elementor-widget-heading\" data-id=\"494dc9d\" data-element_type=\"widget\" data-e-type=\"widget\" data-widget_type=\"heading.default\">\n\t\t\t\t<div class=\"elementor-widget-container\">\n\t\t\t\t\t<h1 class=\"elementor-heading-title elementor-size-default\">PARTNERS<\/h1>\t\t\t\t<\/div>\n\t\t\t\t<\/div>\n\t\t\t\t\t<\/div>\n\t\t<\/div>\n\t\t\t\t\t<\/div>\n\t\t<\/section>\n\t\t\t\t<section class=\"elementor-section elementor-top-section elementor-element elementor-element-05a1d14 elementor-section-boxed elementor-section-height-default elementor-section-height-default\" data-id=\"05a1d14\" data-element_type=\"section\" data-e-type=\"section\">\n\t\t\t\t\t\t<div class=\"elementor-container elementor-column-gap-default\">\n\t\t\t\t\t<div class=\"elementor-column elementor-col-100 elementor-top-column elementor-element elementor-element-185802d\" data-id=\"185802d\" data-element_type=\"column\" data-e-type=\"column\">\n\t\t\t<div class=\"elementor-widget-wrap elementor-element-populated\">\n\t\t\t\t\t\t<div class=\"elementor-element elementor-element-a3ef64c elementor-widget elementor-widget-shortcode\" data-id=\"a3ef64c\" data-element_type=\"widget\" data-e-type=\"widget\" data-widget_type=\"shortcode.default\">\n\t\t\t\t<div class=\"elementor-widget-container\">\n\t\t\t\t\t\t\t<div class=\"elementor-shortcode\"><style type='text\/css' media='all'>#rt-tpg-container-3661496296 .rt-holder .rt-woo-info .price{color:#969696;}body .rt-tpg-container .rt-tpg-isotope-buttons .selected,\n\t\t\t\t\t#rt-tpg-container-3661496296 .layout12 .rt-holder:hover .rt-detail,\n\t\t\t\t\t#rt-tpg-container-3661496296 .isotope8 .rt-holder:hover .rt-detail,\n\t\t\t\t\t#rt-tpg-container-3661496296 .carousel8 .rt-holder:hover .rt-detail,\n\t\t\t\t\t#rt-tpg-container-3661496296 .layout13 .rt-holder .overlay .post-info,\n\t\t\t\t\t#rt-tpg-container-3661496296 .isotope9 .rt-holder .overlay .post-info,\n\t\t\t\t\t#rt-tpg-container-3661496296.rt-tpg-container .layout4 .rt-holder .rt-detail,\n\t\t\t\t\t.rt-modal-3661496296 .md-content,\n\t\t\t\t\t.rt-modal-3661496296 .md-content > .rt-md-content-holder .rt-md-content,\n\t\t\t\t\t.rt-popup-wrap-3661496296.rt-popup-wrap .rt-popup-navigation-wrap,\n\t\t\t\t\t#rt-tpg-container-3661496296 .carousel9 .rt-holder .overlay .post-info{background-color:#969696;}#rt-tpg-container-3661496296 .layout5 .rt-holder .overlay, #rt-tpg-container-3661496296 .isotope2 .rt-holder .overlay, #rt-tpg-container-3661496296 .carousel2 .rt-holder .overlay,#rt-tpg-container-3661496296 .layout15 .rt-holder h3, #rt-tpg-container-3661496296 .isotope11 .rt-holder h3, #rt-tpg-container-3661496296 .carousel11 .rt-holder h3, #rt-tpg-container-3661496296 .layout16 .rt-holder h3,\n\t\t\t\t\t#rt-tpg-container-3661496296 .isotope12 .rt-holder h3, #rt-tpg-container-3661496296 .carousel12 .rt-holder h3 {background-color:rgba(150,150,150,0.8);}#rt-tpg-container-3661496296 .pagination-list li a,\n\t\t\t\t\trt-tpg-container-3661496296 .pagination-list li span,\n\t\t\t\t\trt-tpg-container-3661496296 .pagination li a,\n\t\t\t\t\t#rt-tpg-container-3661496296 .rt-tpg-isotope-buttons button,\n\t\t\t\t\t#rt-tpg-container-3661496296 .rt-tpg-utility .rt-tpg-load-more button,\n\t\t\t\t\t#rt-tpg-container-3661496296.rt-tpg-container .swiper-navigation .slider-btn,\n\t\t\t\t\t#rt-tpg-container-3661496296.rt-tpg-container .swiper-pagination-bullet,\n\t\t\t\t\t#rt-tpg-container-3661496296 .wc1 .rt-holder .rt-img-holder .overlay .product-more ul li a,\n\t\t\t\t\t#rt-tpg-container-3661496296 .wc2 .rt-detail .rt-wc-add-to-cart,\n\t\t\t\t\t#rt-tpg-container-3661496296 .wc3 .rt-detail .rt-wc-add-to-cart,\n\t\t\t\t\t#rt-tpg-container-3661496296 .wc4 .rt-detail .rt-wc-add-to-cart,\n\t\t\t\t\t#rt-tpg-container-3661496296 .wc-carousel2 .rt-detail .rt-wc-add-to-cart,\n\t\t\t\t\t#rt-tpg-container-3661496296 .wc-isotope2 .rt-detail .rt-wc-add-to-cart,\n\t\t\t\t\t#rt-tpg-container-3661496296 .rt-layout-filter-container .rt-filter-wrap .rt-filter-item-wrap.rt-filter-dropdown-wrap .rt-filter-dropdown,\n\t\t\t\t\t#rt-tpg-container-3661496296 .rt-layout-filter-container .rt-filter-sub-tax.sub-button-group .rt-filter-button-item,\n\t\t\t\t\t#rt-tpg-container-3661496296.rt-tpg-container .rt-pagination-wrap .rt-page-numbers .paginationjs .paginationjs-pages ul li>a,\n\t\t\t\t\t#rt-tpg-container-3661496296 .rt-filter-item-wrap.rt-filter-button-wrap span.rt-filter-button-item,\n\t\t\t\t\t#rt-tpg-container-3661496296.rt-tpg-container .rt-pagination-wrap  .rt-loadmore-btn,\n\t\t\t\t\t#rt-tpg-container-3661496296.rt-tpg-container .rt-pagination-wrap .rt-cb-page-prev-next > *,\n\t\t\t\t\t#rt-tpg-container-3661496296 .rt-read-more,\n\t\t\t\t\t#rt-tooltip-3661496296, #rt-tooltip-3661496296 .rt-tooltip-bottom:after{background-color:#565656;}#rt-tpg-container-3661496296 .rt-filter-item-wrap.rt-filter-button-wrap span.rt-filter-button-item,\n\t\t\t\t\t#rt-tpg-container-3661496296 .rt-layout-filter-container .rt-filter-sub-tax.sub-button-group .rt-filter-button-item{border-color:#565656;}#rt-tpg-container-3661496296.rt-tpg-container .layout17 .rt-holder .overlay a.tpg-zoom .fa{color:#565656;}#rt-tpg-container-3661496296 .rt-holder .read-more a {background-color:#565656;padding: 8px 15px;}#rt-tpg-container-3661496296 .pagination-list li a:hover,\n\t\t\t\t\t#rt-tpg-container-3661496296 .pagination li a:hover,\n\t\t\t\t\t#rt-tpg-container-3661496296 .rt-tpg-isotope-buttons button:hover,\n\t\t\t\t\t#rt-tpg-container-3661496296 .rt-holder .read-more a:hover,\n\t\t\t\t\t#rt-tpg-container-3661496296 .rt-tpg-utility .rt-tpg-load-more button:hover,\n\t\t\t\t\t#rt-tpg-container-3661496296.rt-tpg-container .swiper-pagination-bullet:hover,\n\t\t\t\t\t#rt-tpg-container-3661496296.rt-tpg-container .swiper-navigation .slider-btn:hover,\n\t\t\t\t\t#rt-tpg-container-3661496296 .wc1 .rt-holder .rt-img-holder .overlay .product-more ul li a:hover,\n\t\t\t\t\t#rt-tpg-container-3661496296 .wc2 .rt-detail .rt-wc-add-to-cart:hover,\n\t\t\t\t\t#rt-tpg-container-3661496296 .wc3 .rt-detail .rt-wc-add-to-cart:hover,\n\t\t\t\t\t#rt-tpg-container-3661496296 .wc4 .rt-detail .rt-wc-add-to-cart:hover,\n\t\t\t\t\t#rt-tpg-container-3661496296 .wc-carousel2 .rt-detail .rt-wc-add-to-cart:hover,\n\t\t\t\t\t#rt-tpg-container-3661496296 .wc-isotope2 .rt-detail .rt-wc-add-to-cart:hover,\n\t\t\t\t\t#rt-tpg-container-3661496296 .rt-layout-filter-container .rt-filter-wrap .rt-filter-item-wrap.rt-filter-dropdown-wrap .rt-filter-dropdown .rt-filter-dropdown-item:hover,\n\t\t\t\t\t#rt-tpg-container-3661496296 .rt-layout-filter-container .rt-filter-wrap .rt-filter-item-wrap.rt-filter-dropdown-wrap .rt-filter-dropdown .rt-filter-dropdown-item.selected,\n\t\t\t\t\t#rt-tpg-container-3661496296 .rt-filter-item-wrap.rt-filter-button-wrap span.rt-filter-button-item:hover,\n\t\t\t\t\t#rt-tpg-container-3661496296 .rt-layout-filter-container .rt-filter-sub-tax.sub-button-group .rt-filter-button-item:hover,\n\t\t\t\t\t#rt-tpg-container-3661496296.rt-tpg-container .rt-pagination-wrap .rt-page-numbers .paginationjs .paginationjs-pages ul li>a:hover,\n\t\t\t\t\t#rt-tpg-container-3661496296.rt-tpg-container .rt-pagination-wrap .rt-cb-page-prev-next > *:hover,\n\t\t\t\t\t#rt-tpg-container-3661496296.rt-tpg-container .rt-pagination-wrap  .rt-loadmore-btn:hover,\n\t\t\t\t\t#rt-tpg-container-3661496296 .rt-read-more:hover,\n\t\t\t\t\t#rt-tpg-container-3661496296 .rt-tpg-utility .rt-tpg-load-more button:hover{background-color:#4f4f4f;}#rt-tpg-container-3661496296 .rt-filter-item-wrap.rt-filter-button-wrap span.rt-filter-button-item:hover,\n\t\t\t\t\t\t#rt-tpg-container-3661496296 .rt-layout-filter-container .rt-filter-sub-tax.sub-button-group .rt-filter-button-item:hover,\n\t\t\t\t\t\t#rt-tpg-container-3661496296.rt-tpg-container .swiper-navigation .slider-btn:hover,\n\t\t\t\t\t\t#rt-tpg-container-3661496296.rt-tpg-container .rt-pagination-wrap .rt-page-numbers .paginationjs .paginationjs-pages ul li>a:hover{border-color:#4f4f4f;}#rt-tpg-container-3661496296.rt-tpg-container .layout17 .rt-holder .overlay a.tpg-zoom:hover .fa{color:#4f4f4f;}#rt-tpg-container-3661496296 .pagination-list li a,\n\t\t\t\t\t#rt-tpg-container-3661496296 .pagination li a,\n\t\t\t\t\t#rt-tpg-container-3661496296 .rt-tpg-isotope-buttons button,\n\t\t\t\t\t#rt-tpg-container-3661496296 .rt-holder .read-more a,\n\t\t\t\t\t#rt-tpg-container-3661496296 .rt-tpg-utility .rt-tpg-load-more button,\n\t\t\t\t\t#rt-tpg-container-3661496296.rt-tpg-container .swiper-navigation .slider-btn,\n\t\t\t\t\t#rt-tpg-container-3661496296 .wc1 .rt-holder .rt-img-holder .overlay .product-more ul li a,\n\t\t\t\t\t#rt-tpg-container-3661496296 .edd1 .rt-holder .rt-img-holder .overlay .product-more ul li a,\n\t\t\t\t\t#rt-tpg-container-3661496296 .wc2 .rt-detail .rt-wc-add-to-cart,\n\t\t\t\t\t#rt-tpg-container-3661496296 .wc3 .rt-detail .rt-wc-add-to-cart,\n\t\t\t\t\t#rt-tpg-container-3661496296 .edd2 .rt-detail .rt-wc-add-to-cart,\n\t\t\t\t\t#rt-tpg-container-3661496296 .wc4 .rt-detail .rt-wc-add-to-cart,\n\t\t\t\t\t#rt-tpg-container-3661496296 .edd3 .rt-detail .rt-wc-add-to-cart,\n\t\t\t\t\t#rt-tpg-container-3661496296 .wc-carousel2 .rt-detail .rt-wc-add-to-cart,\n\t\t\t\t\t#rt-tpg-container-3661496296 .wc-isotope2 .rt-detail .rt-wc-add-to-cart,\n\t\t\t\t\t#rt-tpg-container-3661496296 .rt-tpg-utility .rt-tpg-load-more button,\n\t\t\t\t\t#rt-tooltip-3661496296,\n\t\t\t\t\t#rt-tpg-container-3661496296 .rt-filter-item-wrap.rt-filter-button-wrap span.rt-filter-button-item,\n\t\t\t\t\t#rt-tpg-container-3661496296 .rt-layout-filter-container .rt-filter-sub-tax.sub-button-group .rt-filter-button-item,\n\t\t\t\t\t#rt-tpg-container-3661496296 .rt-layout-filter-container .rt-filter-wrap .rt-filter-item-wrap.rt-sort-order-action,\n\t\t\t\t\t#rt-tpg-container-3661496296 .rt-layout-filter-container .rt-filter-wrap .rt-filter-item-wrap.rt-filter-dropdown-wrap .rt-filter-dropdown .rt-filter-dropdown-item,\n\t\t\t\t\t#rt-tpg-container-3661496296.rt-tpg-container .rt-pagination-wrap .rt-page-numbers .paginationjs .paginationjs-pages ul li>a,\n\t\t\t\t\t#rt-tpg-container-3661496296.rt-tpg-container .rt-pagination-wrap .rt-cb-page-prev-next > *,\n\t\t\t\t\t#rt-tpg-container-3661496296.rt-tpg-container .rt-pagination-wrap  .rt-loadmore-btn,\n\t\t\t\t\t#rt-tpg-container-3661496296 .rt-read-more,\n\t\t\t\t\t#rt-tooltip-3661496296 .rt-tooltip-bottom:after{color:#ffffff;}#rt-tpg-container-3661496296 .read-more a{border-radius:px;}#rt-tpg-container-3661496296 .rt-img-holder img.rt-img-responsive,#rt-tpg-container-3661496296 .rt-img-holder,\n\t\t\t\t\t#rt-tpg-container-3661496296 .rt-post-overlay .post-img,\n\t\t\t\t\t#rt-tpg-container-3661496296 .post-sm .post-img,\n\t\t\t\t\t#rt-tpg-container-3661496296 .rt-post-grid .post-img,\n\t\t\t\t\t#rt-tpg-container-3661496296 .post-img img {border-radius:px;}<\/style><div class='rt-container-fluid rt-tpg-container tpg-shortcode-main-wrapper' id='rt-tpg-container-3661496296'   data-layout='isotope1' data-grid-style='even' data-desktop-col='3'  data-tab-col='2'  data-mobile-col='1' data-sc-id='1808'><div data-title='Loading ...' class='rt-row rt-content-loader   isotope1 tpg-pre-loader'><div class=\"tpg-iso-filter\"><div id='iso-button-3661496296' class='rt-tpg-isotope-buttons button-group filter-button-group option-set' data-url='' data-count=''><button class='rt-iso-btn-all selected' data-filter='*'>See all<\/button><button class=\"rt-iso-btn-ciclismo-de-gravel\" data-filter=\".iso_11\">Gravel Cycling<\/button><button class=\"rt-iso-btn-mecanica-de-bicicletas\" data-filter=\".iso_8\">Fixing bikes<\/button><button class=\"rt-iso-btn-saude-e-bem-estar\" data-filter=\".iso_9\">Wellness<\/button><button class=\"rt-iso-btn-turismo-de-natureza\" data-filter=\".iso_10\">Nature Tourism<\/button><\/div><\/div><div class='rt-tpg-isotope' id='iso-tpg-3661496296'><div class=\"rt-col-md-4 rt-col-sm-6 rt-col-xs-12 masonry-grid-item rt-grid-item isotope-item iso_9 rt-item-saude-e-bem-estar\" data-id=\"2133\"><div class=\"rt-holder\"><div class=\"rt-img-holder\"><a data-id=\"2133\" class=\"\" href=\"https:\/\/www.4bs.pt\/en\/dao-medicina-chinesa\/\"><img fetchpriority=\"high\" decoding=\"async\" width=\"850\" height=\"850\" src=\"https:\/\/www.4bs.pt\/wp-content\/uploads\/2022\/10\/DAo.jpg\" class=\"rt-img-responsive\" alt=\"\" \/><\/a><\/div><div class='rt-detail'><h3 class=\"entry-title\"><a data-id=\"2133\" class=\"\" href=\"https:\/\/www.4bs.pt\/en\/dao-medicina-chinesa\/\">DAO Medicina Chinesa<\/a><\/h3><div class='tpg-excerpt'>DAO Chinese Medicine DAO Chinese Medicine is a health clinic, located in Castro Verde, which<\/div><div class='post-meta'><span class='read-more'><a data-id='2133' class='' href='https:\/\/www.4bs.pt\/en\/dao-medicina-chinesa\/'>Read More<\/a><\/span><\/div><\/div><\/div><\/div><div class=\"rt-col-md-4 rt-col-sm-6 rt-col-xs-12 masonry-grid-item rt-grid-item isotope-item iso_10 rt-item-turismo-de-natureza\" data-id=\"2095\"><div class=\"rt-holder\"><div class=\"rt-img-holder\"><a data-id=\"2095\" class=\"\" href=\"https:\/\/www.4bs.pt\/en\/portugal-wildscapes\/\"><img decoding=\"async\" width=\"2362\" height=\"2362\" src=\"https:\/\/www.4bs.pt\/wp-content\/uploads\/2022\/10\/logo-Portugal-Wildscapes.jpg\" class=\"rt-img-responsive\" alt=\"\" \/><\/a><\/div><div class='rt-detail'><h3 class=\"entry-title\"><a data-id=\"2095\" class=\"\" href=\"https:\/\/www.4bs.pt\/en\/portugal-wildscapes\/\">Portugal Wildscapes<\/a><\/h3><div class='tpg-excerpt'>Birdwatching Route The Birdwatching Route will guide you through ten<\/div><div class='post-meta'><span class='read-more'><a data-id='2095' class='' href='https:\/\/www.4bs.pt\/en\/portugal-wildscapes\/'>Read More<\/a><\/span><\/div><\/div><\/div><\/div><div class=\"rt-col-md-4 rt-col-sm-6 rt-col-xs-12 masonry-grid-item rt-grid-item isotope-item iso_8 rt-item-mecanica-de-bicicletas\" data-id=\"1958\"><div class=\"rt-holder\"><div class=\"rt-img-holder\"><a data-id=\"1958\" class=\"\" href=\"https:\/\/www.4bs.pt\/en\/n2bike\/\"><img decoding=\"async\" width=\"2277\" height=\"1132\" src=\"https:\/\/www.4bs.pt\/wp-content\/uploads\/2022\/09\/n2.jpg\" class=\"rt-img-responsive\" alt=\"\" \/><\/a><\/div><div class='rt-detail'><h3 class=\"entry-title\"><a data-id=\"1958\" class=\"\" href=\"https:\/\/www.4bs.pt\/en\/n2bike\/\">N2BIKE<\/a><\/h3><div class='tpg-excerpt'>Bicycle and Accessory Trade \/ Maintenance and repair of bicycles 7780-163 Castro Verde Facebook<\/div><div class='post-meta'><span class='read-more'><a data-id='1958' class='' href='https:\/\/www.4bs.pt\/en\/n2bike\/'>Read More<\/a><\/span><\/div><\/div><\/div><\/div><div class=\"rt-col-md-4 rt-col-sm-6 rt-col-xs-12 masonry-grid-item rt-grid-item isotope-item iso_9 rt-item-saude-e-bem-estar\" data-id=\"1955\"><div class=\"rt-holder\"><div class=\"rt-img-holder\"><a data-id=\"1955\" class=\"\" href=\"https:\/\/www.4bs.pt\/en\/andreia-conceicao\/\"><img loading=\"lazy\" decoding=\"async\" width=\"567\" height=\"567\" src=\"https:\/\/www.4bs.pt\/wp-content\/uploads\/2022\/10\/yoga.png\" class=\"rt-img-responsive\" alt=\"\" \/><\/a><\/div><div class='rt-detail'><h3 class=\"entry-title\"><a data-id=\"1955\" class=\"\" href=\"https:\/\/www.4bs.pt\/en\/andreia-conceicao\/\">Yoga<\/a><\/h3><div class='tpg-excerpt'>Andreia Concei\u00e7\u00e3o Sw\u00e1Sthya Y\u00f4ga is the recovery of millenary techniques that aim at the development<\/div><div class='post-meta'><span class='read-more'><a data-id='1955' class='' href='https:\/\/www.4bs.pt\/en\/andreia-conceicao\/'>Read More<\/a><\/span><\/div><\/div><\/div><\/div><div class=\"rt-col-md-4 rt-col-sm-6 rt-col-xs-12 masonry-grid-item rt-grid-item isotope-item iso_8 rt-item-mecanica-de-bicicletas\" data-id=\"1952\"><div class=\"rt-holder\"><div class=\"rt-img-holder\"><a data-id=\"1952\" class=\"\" href=\"https:\/\/www.4bs.pt\/en\/bike-zone\/\"><img loading=\"lazy\" decoding=\"async\" width=\"864\" height=\"864\" src=\"https:\/\/www.4bs.pt\/wp-content\/uploads\/2022\/10\/Bike-zone.png\" class=\"rt-img-responsive\" alt=\"\" \/><\/a><\/div><div class='rt-detail'><h3 class=\"entry-title\"><a data-id=\"1952\" class=\"\" href=\"https:\/\/www.4bs.pt\/en\/bike-zone\/\">Bike Zone<\/a><\/h3><div class='tpg-excerpt'>BikeZone Castro Verde shop Tel:+351 286 322 060 Mobile: 962 647 710 Back<\/div><div class='post-meta'><span class='read-more'><a data-id='1952' class='' href='https:\/\/www.4bs.pt\/en\/bike-zone\/'>Read More<\/a><\/span><\/div><\/div><\/div><\/div><div class=\"rt-col-md-4 rt-col-sm-6 rt-col-xs-12 masonry-grid-item rt-grid-item isotope-item iso_11 rt-item-ciclismo-de-gravel\" data-id=\"1819\"><div class=\"rt-holder\"><div class=\"rt-img-holder\"><a data-id=\"1819\" class=\"\" href=\"https:\/\/www.4bs.pt\/en\/gravosfera\/\"><img loading=\"lazy\" decoding=\"async\" width=\"418\" height=\"410\" src=\"https:\/\/www.4bs.pt\/wp-content\/uploads\/2022\/09\/Capturar.png\" class=\"rt-img-responsive\" alt=\"\" \/><\/a><\/div><div class='rt-detail'><h3 class=\"entry-title\"><a data-id=\"1819\" class=\"\" href=\"https:\/\/www.4bs.pt\/en\/gravosfera\/\">Gravosfera\u00a0<\/a><\/h3><div class='tpg-excerpt'>The Gravosphere is a 'gravel' challenge - in autonomy - in which participants have to<\/div><div class='post-meta'><span class='read-more'><a data-id='1819' class='' href='https:\/\/www.4bs.pt\/en\/gravosfera\/'>Read More<\/a><\/span><\/div><\/div><\/div><\/div><div class=\"rt-col-md-4 rt-col-sm-6 rt-col-xs-12 masonry-grid-item rt-grid-item isotope-item iso_11 rt-item-ciclismo-de-gravel\" data-id=\"1\"><div class=\"rt-holder\"><div class=\"rt-img-holder\"><a data-id=\"1\" class=\"\" href=\"https:\/\/www.4bs.pt\/en\/portugal-outdoor\/\"><img loading=\"lazy\" decoding=\"async\" width=\"2229\" height=\"2229\" src=\"https:\/\/www.4bs.pt\/wp-content\/uploads\/2022\/10\/logo-portugal-outdoor-tiptop-2021-1.png\" class=\"rt-img-responsive\" alt=\"\" \/><\/a><\/div><div class='rt-detail'><h3 class=\"entry-title\"><a data-id=\"1\" class=\"\" href=\"https:\/\/www.4bs.pt\/en\/portugal-outdoor\/\">Portugal OUTDOOR<\/a><\/h3><div class='tpg-excerpt'>Portugal Outdoor is an author's project to share experiences, experiences, places and inspirations about the<\/div><div class='post-meta'><span class='read-more'><a data-id='1' class='' href='https:\/\/www.4bs.pt\/en\/portugal-outdoor\/'>Read More<\/a><\/span><\/div><\/div><\/div><\/div><\/div><div class=\"isotope-term-no-post\"><p>No post found<\/p><\/div><\/div><\/div><\/div>\n\t\t\t\t\t\t<\/div>\n\t\t\t\t<\/div>\n\t\t\t\t\t<\/div>\n\t\t<\/div>\n\t\t\t\t\t<\/div>\n\t\t<\/section>\n\t\t\t\t<\/div>","protected":false},"excerpt":{"rendered":"<p>PARTNERS<\/p>","protected":false},"author":1,"featured_media":0,"parent":0,"menu_order":0,"comment_status":"closed","ping_status":"closed","template":"","meta":{"_monsterinsights_skip_tracking":false,"_monsterinsights_sitenote_active":false,"_monsterinsights_sitenote_note":"","_monsterinsights_sitenote_category":0,"site-sidebar-layout":"no-sidebar","site-content-layout":"page-builder","ast-site-content-layout":"","site-content-style":"default","site-sidebar-style":"default","ast-global-header-display":"","ast-banner-title-visibility":"","ast-main-header-display":"","ast-hfb-above-header-display":"","ast-hfb-below-header-display":"","ast-hfb-mobile-header-display":"","site-post-title":"disabled","ast-breadcrumbs-content":"","ast-featured-img":"disabled","footer-sml-layout":"","theme-transparent-header-meta":"","adv-header-id-meta":"","stick-header-meta":"","header-above-stick-meta":"","header-main-stick-meta":"","header-below-stick-meta":"","astra-migrate-meta-layouts":"default","ast-page-background-enabled":"default","ast-page-background-meta":{"desktop":{"background-color":"var(--ast-global-color-4)","background-image":"","background-repeat":"repeat","background-position":"center center","background-size":"auto","background-attachment":"scroll","background-type":"","background-media":"","overlay-type":"","overlay-color":"","overlay-gradient":""},"tablet":{"background-color":"","background-image":"","background-repeat":"repeat","background-position":"center center","background-size":"auto","background-attachment":"scroll","background-type":"","background-media":"","overlay-type":"","overlay-color":"","overlay-gradient":""},"mobile":{"background-color":"","background-image":"","background-repeat":"repeat","background-position":"center center","background-size":"auto","background-attachment":"scroll","background-type":"","background-media":"","overlay-type":"","overlay-color":"","overlay-gradient":""}},"ast-content-background-meta":{"desktop":{"background-color":"var(--ast-global-color-5)","background-image":"","background-repeat":"repeat","background-position":"center center","background-size":"auto","background-attachment":"scroll","background-type":"","background-media":"","overlay-type":"","overlay-color":"","overlay-gradient":""},"tablet":{"background-color":"var(--ast-global-color-5)","background-image":"","background-repeat":"repeat","background-position":"center center","background-size":"auto","background-attachment":"scroll","background-type":"","background-media":"","overlay-type":"","overlay-color":"","overlay-gradient":""},"mobile":{"background-color":"var(--ast-global-color-5)","background-image":"","background-repeat":"repeat","background-position":"center center","background-size":"auto","background-attachment":"scroll","background-type":"","background-media":"","overlay-type":"","overlay-color":"","overlay-gradient":""}},"footnotes":""},"class_list":["post-1757","page","type-page","status-publish","hentry"],"aioseo_notices":[],"rttpg_featured_image_url":null,"rttpg_author":{"display_name":"4bs","author_link":"https:\/\/www.4bs.pt\/en\/author\/4bs\/"},"rttpg_comment":0,"rttpg_category":"","rttpg_excerpt":"PARCERIAS","_links":{"self":[{"href":"https:\/\/www.4bs.pt\/en\/wp-json\/wp\/v2\/pages\/1757","targetHints":{"allow":["GET"]}}],"collection":[{"href":"https:\/\/www.4bs.pt\/en\/wp-json\/wp\/v2\/pages"}],"about":[{"href":"https:\/\/www.4bs.pt\/en\/wp-json\/wp\/v2\/types\/page"}],"author":[{"embeddable":true,"href":"https:\/\/www.4bs.pt\/en\/wp-json\/wp\/v2\/users\/1"}],"replies":[{"embeddable":true,"href":"https:\/\/www.4bs.pt\/en\/wp-json\/wp\/v2\/comments?post=1757"}],"version-history":[{"count":0,"href":"https:\/\/www.4bs.pt\/en\/wp-json\/wp\/v2\/pages\/1757\/revisions"}],"wp:attachment":[{"href":"https:\/\/www.4bs.pt\/en\/wp-json\/wp\/v2\/media?parent=1757"}],"curies":[{"name":"wp","href":"https:\/\/api.w.org\/{rel}","templated":true}]}}